{"id":3169,"date":"2020-06-14T18:00:27","date_gmt":"2020-06-14T21:00:27","guid":{"rendered":"http:\/\/www.ceotreinamentos.com.br\/ceocursos\/?page_id=3169"},"modified":"2020-06-14T18:44:50","modified_gmt":"2020-06-14T21:44:50","slug":"perguntas-frequentes","status":"publish","type":"page","link":"https:\/\/www.ceotreinamentos.com.br\/ceocursos\/perguntas-frequentes\/","title":{"rendered":"Perguntas Frequentes"},"content":{"rendered":"<p>[vc_row css=&#8221;.vc_custom_1592161292729{margin-top: 25px !important;}&#8221;][vc_column][vc_row_inner][vc_column_inner offset=&#8221;vc_hidden-xs&#8221;][vc_empty_space height=&#8221;100px&#8221;][\/vc_column_inner][\/vc_row_inner][vc_row_inner][vc_column_inner width=&#8221;1\/4&#8243;][\/vc_column_inner][vc_column_inner width=&#8221;1\/2&#8243;][vc_toggle title=&#8221;Por quanto tempo tenho acesso ao treinamento?&#8221; size=&#8221;lg&#8221;]Ao adquirir o treinamento, voc\u00ea possui acesso ilimitado ao conte\u00fado por 1 ano.[\/vc_toggle][vc_toggle title=&#8221;Os treinamentos s\u00e3o direcionados para advogados?&#8221; size=&#8221;lg&#8221;]Os treinamentos n\u00e3o s\u00e3o apenas para advogados, apresentando linguagem acess\u00edvel.[\/vc_toggle][vc_toggle title=&#8221;Valem como horas complementares?&#8221; size=&#8221;lg&#8221;]Sim! Ao serem conclu\u00eddos, voc\u00ea recebe um certificado respectivo ao treinamento que pode ser utilizado para validar horas complementares.[\/vc_toggle][vc_toggle title=&#8221;Quais os hor\u00e1rios dispon\u00edveis para os treinamentos?&#8221; size=&#8221;lg&#8221;]Como as aulas s\u00e3o gravadas, elas poder\u00e3o ser assistidas quando quiser! Fa\u00e7a o treinamento no seu tempo, dentro do per\u00edodo dispon\u00edvel de 1 ano.[\/vc_toggle][vc_toggle title=&#8221;Quais as formas de pagamento aceitas?&#8221; size=&#8221;lg&#8221;]Aceitamos as seguintes formas de pagamento:<\/p>\n<p><img loading=\"lazy\" class=\"alignnone wp-image-3186 size-full\" src=\"http:\/\/www.ceotreinamentos.com.br\/ceocursos\/wp-content\/uploads\/2020\/06\/payment.jpg\" alt=\"\" width=\"536\" height=\"49\" srcset=\"https:\/\/www.ceotreinamentos.com.br\/ceocursos\/wp-content\/uploads\/2020\/06\/payment.jpg 536w, https:\/\/www.ceotreinamentos.com.br\/ceocursos\/wp-content\/uploads\/2020\/06\/payment-300x27.jpg 300w\" sizes=\"(max-width: 536px) 100vw, 536px\" \/>[\/vc_toggle][\/vc_column_inner][vc_column_inner width=&#8221;1\/4&#8243;][\/vc_column_inner][\/vc_row_inner][vc_row_inner][vc_column_inner offset=&#8221;vc_hidden-xs&#8221;][vc_empty_space height=&#8221;100px&#8221;][\/vc_column_inner][\/vc_row_inner][vc_cta h2=&#8221;CURSOS A PARTIR DE <u>R$199,00<\/u> EM AT\u00c9 <u>12X<\/u>!&#8221; h4=&#8221;N\u00e3o perca esta oportunidade e comece hoje mesmo seu treinamento CEO.&#8221; txt_align=&#8221;center&#8221; shape=&#8221;square&#8221; style=&#8221;flat&#8221; add_button=&#8221;bottom&#8221; btn_title=&#8221;Conhe\u00e7a os cursos&#8221; btn_style=&#8221;flat&#8221; btn_shape=&#8221;square&#8221; btn_color=&#8221;success&#8221; btn_align=&#8221;center&#8221; btn_link=&#8221;url:http%3A%2F%2Fwww.ceotreinamentos.com.br%2Fceocursos%2Ftreinamentos%2F|||&#8221;]<\/p>\n<p style=\"text-align: center;\">*V\u00e1lido para parcelamento em cart\u00e3o de cr\u00e9dito.<\/p>\n<p>[\/vc_cta][\/vc_column][\/vc_row]<\/p>\n","protected":false},"excerpt":{"rendered":"<p>[vc_row css=&#8221;.vc_custom_1592161292729{margin-top: 25px !important;}&#8221;][vc_column][vc_row_inner][vc_column_inner offset=&#8221;vc_hidden-xs&#8221;][vc_empty_space height=&#8221;100px&#8221;][\/vc_column_inner][\/vc_row_inner][vc_row_inner][vc_column_inner width=&#8221;1\/4&#8243;][\/vc_column_inner][vc_column_inner width=&#8221;1\/2&#8243;][vc_toggle title=&#8221;Por quanto tempo tenho acesso ao treinamento?&#8221; size=&#8221;lg&#8221;]Ao adquirir o treinamento, voc\u00ea possui acesso ilimitado ao conte\u00fado por 1 ano.[\/vc_toggle][vc_toggle title=&#8221;Os treinamentos &hellip; <br \/><a href=\"https:\/\/www.ceotreinamentos.com.br\/ceocursos\/perguntas-frequentes\/\" class=\"more-link\">Continue reading <span class=\"screen-reader-text\">Perguntas Frequentes<\/span><\/a><\/p>\n","protected":false},"author":1,"featured_media":0,"parent":0,"menu_order":0,"comment_status":"closed","ping_status":"closed","template":"","meta":[],"_links":{"self":[{"href":"https:\/\/www.ceotreinamentos.com.br\/ceocursos\/wp-json\/wp\/v2\/pages\/3169"}],"collection":[{"href":"https:\/\/www.ceotreinamentos.com.br\/ceocursos\/wp-json\/wp\/v2\/pages"}],"about":[{"href":"https:\/\/www.ceotreinamentos.com.br\/ceocursos\/wp-json\/wp\/v2\/types\/page"}],"author":[{"embeddable":true,"href":"https:\/\/www.ceotreinamentos.com.br\/ceocursos\/wp-json\/wp\/v2\/users\/1"}],"replies":[{"embeddable":true,"href":"https:\/\/www.ceotreinamentos.com.br\/ceocursos\/wp-json\/wp\/v2\/comments?post=3169"}],"version-history":[{"count":8,"href":"https:\/\/www.ceotreinamentos.com.br\/ceocursos\/wp-json\/wp\/v2\/pages\/3169\/revisions"}],"predecessor-version":[{"id":3187,"href":"https:\/\/www.ceotreinamentos.com.br\/ceocursos\/wp-json\/wp\/v2\/pages\/3169\/revisions\/3187"}],"wp:attachment":[{"href":"https:\/\/www.ceotreinamentos.com.br\/ceocursos\/wp-json\/wp\/v2\/media?parent=3169"}],"curies":[{"name":"wp","href":"https:\/\/api.w.org\/{rel}","templated":true}]}}