{"id":935,"date":"2017-10-20T09:13:13","date_gmt":"2017-10-20T11:13:13","guid":{"rendered":"http:\/\/ninzio.com\/univero\/?page_id=935"},"modified":"2020-06-14T20:48:23","modified_gmt":"2020-06-14T23:48:23","slug":"home","status":"publish","type":"page","link":"https:\/\/www.ceotreinamentos.com.br\/ceocursos\/","title":{"rendered":"CEO Treinamentos"},"content":{"rendered":"<p>[vc_row full_width=&#8221;stretch_row_content&#8221; el_class=&#8221;vc_hidden-xs&#8221;][vc_column][rev_slider_vc alias=&#8221;slider-2&#8243;][\/vc_column][\/vc_row][vc_row content_placement=&#8221;middle&#8221; el_class=&#8221;about_box vc_hidden-xs&#8221; css=&#8221;.vc_custom_1592161130033{margin-top: -100px !important;border-top-width: 2px !important;border-right-width: 2px !important;border-bottom-width: 2px !important;border-left-width: 2px !important;background-color: #ffffff !important;border-left-color: #ba7c1e !important;border-left-style: solid !important;border-right-color: #ba7c1e !important;border-right-style: solid !important;border-top-color: #ba7c1e !important;border-top-style: solid !important;border-bottom-color: #ba7c1e !important;border-bottom-style: solid !important;}&#8221;][vc_column width=&#8221;2\/3&#8243; css=&#8221;.vc_custom_1592159152508{padding-top: 40px !important;padding-right: 20px !important;padding-bottom: 40px !important;padding-left: 20px !important;background-color: #c3983c !important;}&#8221;][vc_single_image image=&#8221;3110&#8243; img_size=&#8221;full&#8221; css_animation=&#8221;fadeInLeft&#8221; css=&#8221;.vc_custom_1592160400761{margin-left: 25px !important;}&#8221;][vc_empty_space height=&#8221;25&#8243;][vc_column_text css=&#8221;.vc_custom_1592160334655{padding-right: 25px !important;padding-left: 25px !important;}&#8221;]<\/p>\n<p class=\"text_about\" style=\"text-align: left;\">Os Treinamentos Online CEO s\u00e3o apresenta\u00e7\u00f5es <strong>r\u00e1pidas e pr\u00e1ticas<\/strong> feitas por um expert no assunto, para voc\u00ea se especializar e<strong> dar um salto na sua carreira<\/strong>. Al\u00e9m de assistir as tem\u00e1ticas via v\u00eddeo-aulas voc\u00ea ter\u00e1 o direito de fazer perguntas sobre o que assistiu, al\u00e9m de interagir com o instrutor a qualquer momento!<\/p>\n<p>[\/vc_column_text][\/vc_column][vc_column width=&#8221;1\/3&#8243; el_id=&#8221;white_column&#8221;][vc_single_image image=&#8221;3105&#8243; img_size=&#8221;full&#8221; css_animation=&#8221;fadeInRight&#8221; el_id=&#8221;laptop&#8221;][\/vc_column][\/vc_row][vc_row content_placement=&#8221;middle&#8221; el_class=&#8221;about_box vc_hidden-lg vc_hidden-md vc_hidden-sm&#8221; css=&#8221;.vc_custom_1592161547255{border-top-width: 2px !important;border-right-width: 2px !important;border-bottom-width: 2px !important;border-left-width: 2px !important;background-color: #ffffff !important;border-left-color: #ba7c1e !important;border-left-style: solid !important;border-right-color: #ba7c1e !important;border-right-style: solid !important;border-top-color: #ba7c1e !important;border-top-style: solid !important;border-bottom-color: #ba7c1e !important;border-bottom-style: solid !important;}&#8221;][vc_column css=&#8221;.vc_custom_1592161374481{background-color: #c3983c !important;}&#8221;][vc_single_image image=&#8221;3110&#8243; img_size=&#8221;medium&#8221; alignment=&#8221;center&#8221; css_animation=&#8221;fadeInLeft&#8221;][vc_empty_space height=&#8221;15&#8243;][vc_column_text]<\/p>\n<p style=\"text-align: center;\"><span style=\"color: #ffffff;\">Os Treinamentos Online CEO s\u00e3o apresenta\u00e7\u00f5es r\u00e1pidas e pr\u00e1ticas feitas por um expert no assunto, para voc\u00ea se especializar e dar um salto na sua carreira. Al\u00e9m de assistir as tem\u00e1ticas via v\u00eddeo-aulas voc\u00ea ter\u00e1 o direito de fazer perguntas sobre o que assistiu, al\u00e9m de interagir com o instrutor a qualquer momento!<\/span><\/p>\n<p>[\/vc_column_text][\/vc_column][\/vc_row][vc_row css=&#8221;.vc_custom_1592161292729{margin-top: 25px !important;}&#8221;][vc_column][ninzio_title_heading descript=&#8221;Conhe\u00e7a os nossos cursos e seja um expert na sua carreira!&#8221; style=&#8221;default&#8221; title=&#8221;Cursos em alta&#8221;][ninzio_courses course_type=&#8221;random&#8221; number=&#8221;9&#8243; layout_type=&#8221;carousel&#8221; columns=&#8221;3&#8243; show_nav=&#8221;yes&#8221; show_pagination=&#8221;yes&#8221; el_class=&#8221;no-margin vc_hidden-xs&#8221;][ninzio_courses course_type=&#8221;random&#8221; number=&#8221;3&#8243; columns=&#8221;1&#8243; el_class=&#8221;no-margin vc_hidden-lg vc_hidden-md vc_hidden-sm&#8221;][vc_empty_space height=&#8221;20&#8243; el_class=&#8221;hidden-md hidden-sm hidden-xs&#8221;][vc_cta h2=&#8221;CURSOS A PARTIR DE <u>R$190,00<\/u> EM AT\u00c9 <u>12X<\/u>!&#8221; h4=&#8221;N\u00e3o perca esta oportunidade e comece hoje mesmo seu treinamento CEO.&#8221; txt_align=&#8221;center&#8221; shape=&#8221;square&#8221; style=&#8221;flat&#8221; add_button=&#8221;bottom&#8221; btn_title=&#8221;Conhe\u00e7a os cursos&#8221; btn_style=&#8221;flat&#8221; btn_shape=&#8221;square&#8221; btn_color=&#8221;success&#8221; btn_align=&#8221;center&#8221; btn_link=&#8221;url:http%3A%2F%2Fwww.ceotreinamentos.com.br%2Fceocursos%2Ftreinamentos%2F|||&#8221;]<\/p>\n<p style=\"text-align: center;\">*V\u00e1lido para parcelamento em cart\u00e3o de cr\u00e9dito.<\/p>\n<p>[\/vc_cta][vc_empty_space height=&#8221;53&#8243; el_class=&#8221;hidden-md hidden-sm hidden-xs&#8221;][vc_empty_space height=&#8221;53&#8243;][\/vc_column][\/vc_row][vc_row full_width=&#8221;stretch_row&#8221; parallax=&#8221;content-moving&#8221; css=&#8221;.vc_custom_1592161807913{background-color: #1f2227 !important;}&#8221;][vc_column][vc_row_inner][vc_column_inner width=&#8221;1\/4&#8243;][vc_single_image image=&#8221;2471&#8243; img_size=&#8221;full&#8221; onclick=&#8221;custom_link&#8221; css_animation=&#8221;fadeInLeft&#8221; link=&#8221;http:\/\/www.robsonzanetti.com.br\/&#8221;][vc_column_text]<ul class=\"social-icons-lists icons-background-square centre\">\n\n\t\t\t\n\t\t\t\t<li class=\"social-icons-list-item\">\n\t\t\t\t\t<a href=\"https:\/\/www.facebook.com\/robsonzanettiadvogado\/?fref=ts\" target=\"_blank\" class=\"social-icon\">\n\t\t\t\t\t\t<span class=\"socicon socicon-facebook\" style=\"padding: 10px; font-size: 16px; background-color: #3e5b98\"><\/span>\n\n\t\t\t\t\t\t\t\t\t\t\t<\/a>\n\t\t\t\t<\/li>\n\n\t\t\t\n\t\t\t\t<li class=\"social-icons-list-item\">\n\t\t\t\t\t<a href=\"https:\/\/www.linkedin.com\/in\/robsonzanetti\/\" target=\"_blank\" class=\"social-icon\">\n\t\t\t\t\t\t<span class=\"socicon socicon-linkedin\" style=\"padding: 10px; font-size: 16px; background-color: #3371b7\"><\/span>\n\n\t\t\t\t\t\t\t\t\t\t\t<\/a>\n\t\t\t\t<\/li>\n\n\t\t\t\n\t\t\t\t<li class=\"social-icons-list-item\">\n\t\t\t\t\t<a href=\"https:\/\/www.youtube.com\/channel\/UCIqbc9vL8MNZ2MCt7Y-cJBQ\" target=\"_blank\" class=\"social-icon\">\n\t\t\t\t\t\t<span class=\"socicon socicon-youtube\" style=\"padding: 10px; font-size: 16px; background-color: #e02a20\"><\/span>\n\n\t\t\t\t\t\t\t\t\t\t\t<\/a>\n\t\t\t\t<\/li>\n\n\t\t\t\n\t\t\t\t<li class=\"social-icons-list-item\">\n\t\t\t\t\t<a href=\"https:\/\/www.instagram.com\/robsonzanetti\/\" target=\"_blank\" class=\"social-icon\">\n\t\t\t\t\t\t<span class=\"socicon socicon-instagram\" style=\"padding: 10px; font-size: 16px; background-color: #9c7c6e\"><\/span>\n\n\t\t\t\t\t\t\t\t\t\t\t<\/a>\n\t\t\t\t<\/li>\n\n\t\t\t\n\t\t<\/ul>[\/vc_column_text][\/vc_column_inner][vc_column_inner width=&#8221;3\/4&#8243;][vc_column_text]<\/p>\n<p class=\"title_playlist\" style=\"text-align: left;\"><span style=\"color: #ffffff;\">Sobre o Instrutor<\/span><\/p>\n<p>[\/vc_column_text][vc_column_text]<span style=\"color: #ffffff;\">Todas estas apresenta\u00e7\u00f5es s\u00e3o feitas por <strong>ROBSON ZANETTI, <\/strong>advogado com mais de 25 anos de experi\u00eancia; <strong>atuou em causas relevantes<\/strong> de dissolu\u00e7\u00e3o societ\u00e1ria; \u00e9 autor do livro <strong>Manual da Sociedade Limitada com 457 p\u00e1ginas e pref\u00e1cio da Ministra do Superior Tribunal de Justi\u00e7a F\u00e1tima Nancy Andrigh<\/strong>i. Neste livro \u00e9 abordada a quest\u00e3o da dissolu\u00e7\u00e3o societ\u00e1ria e da responsabilidade dos s\u00f3cios e diretores, com mais de 2 mil cita\u00e7\u00f5es de casos pr\u00e1ticos, doutrina e jurisprud\u00eancia estrangeira ( Fran\u00e7a, It\u00e1lia, Espanha, Portugal, Alemanha ).<\/span><\/p>\n<p><span style=\"color: #ffffff;\">Realizou curso de <em>Doctorat <\/em>em <em>Droit Priv\u00e9 <\/em>na renomada <em>Universit\u00e9 de Paris 1 \u2013 Panth\u00e9on\/SORBONNE<\/em>. Concluiu o curso de <em>DEA <\/em>na <em>Universit\u00e9 de Paris<\/em> e <em>Corso Singolo <\/em>na prestigiada <em>Universit\u00e0 degli Studi di Milano<\/em> e foi pesquisador junto a <em>Universit\u00e0 La Sapienza <\/em>em Roma. \u00c9 juiz arbitral.<\/span><\/p>\n<p><span style=\"color: #ffcc99;\"><a style=\"color: #ffcc99;\" href=\"http:\/\/www.robsonzanetti.com.br\/\">www.robsonzanetti.com.br<\/a><\/span>[\/vc_column_text][\/vc_column_inner][\/vc_row_inner][vc_column_text]<\/p>\n<p class=\"title_playlist\" style=\"text-align: center;\"><span style=\"color: #ffffff;\">Conhe\u00e7a Robson Zanetti com nossas aulas gratuitas disponibilizadas no Youtube.<\/span><\/p>\n<p>[\/vc_column_text][vc_empty_space height=&#8221;60px&#8221;][\/vc_column][\/vc_row][vc_row css=&#8221;.vc_custom_1592162122753{margin-top: -100px !important;}&#8221;][vc_column]\r\n\t\t\t\t\t<div id=\"yt48318\" class=\"yt-defaults-videos-container yt-gallery-container-loading\" >\r\n\t\t\t\t\t\t<div class=\"yt-gallery-load-icon yt-first-load-container\" ><\/div>\r\n\t\t\t\t\t<\/div>\r\n\t\t\t\t\t<script>jQuery(document).on(\"youtubeVideoGalleryReady\",function(){jQuery(\"#yt48318\").J_ytGallery({\"api_key\":\"AIzaSyDgo8yjC3bmA0VJgqQ4exDcoLqjvOTFKS4\",\"data\":[{\"name\":\"CEO Treinamentos\",\"urls\":\"https:\\\/\\\/www.youtube.com\\\/channel\\\/UCIqbc9vL8MNZ2MCt7Y-cJBQ\\\/\"}],\"layout_tabs\":false,\"layout\":\"carousel\",\"style\":\"carousel-classic-1\",\"layout_items_per_page\":10,\"layout_pagination\":\"infinite\",\"layout_mobile\":\"default\",\"layout_portrait_tablet\":\"default\",\"layout_landscape_tablet\":\"default\",\"layout_small_desktop\":\"default\",\"layout_medium_desktop\":\"default\",\"layout_large_desktop\":\"default\",\"layout_extra_large_desktop\":\"default\",\"layout_img_size\":\"high\",\"layout_play_mode\":\"popup\",\"layout_title\":true,\"layout_title_one_line\":true,\"layout_description\":true,\"layout_description_length\":60,\"layout_duration\":true,\"layout_views_counter\":true,\"layout_likes_counter\":true,\"layout_dislikes_counter\":false,\"layout_date\":true,\"layout_comments_counter\":true,\"layout_play_btn\":true,\"header\":false,\"header_source\":\"\",\"header_style\":\"default\",\"header_logo\":true,\"header_channel_name\":true,\"header_channel_description\":false,\"header_videos_counter\":true,\"header_subscribers_counter\":true,\"header_views_counter\":true,\"header_subscribe_button\":true,\"header_custom_channel_name\":\"\",\"header_custom_channel_description\":\"\",\"player_autoplay\":true,\"popup_width\":\"\",\"popup_title\":true,\"popup_channel_logo\":true,\"popup_channel_name\":true,\"popup_subscribe_button\":true,\"popup_views_counter\":true,\"popup_likes_counter\":true,\"popup_dislikes_counter\":true,\"popup_likes_ratio\":true,\"popup_date\":true,\"popup_description\":true,\"popup_description_more_button\":true,\"popup_comments\":true,\"popup_share\":{\"show\":true,\"facebook\":true,\"twitter\":true,\"google\":true,\"linkedIn\":false,\"tumblr\":false,\"pinterest\":false,\"vk\":false,\"email\":true},\"popup_ads\":{\"enabled\":true,\"ad_type\":\"ga\",\"google_ads_client_id\":\"\",\"google_ads_slot_id\":\"\",\"ad_image\":[]},\"player_video_ads\":{\"enabled\":true,\"ad_type\":\"ga\",\"google_ads_client_id\":\"\",\"google_ads_slot_id\":\"\",\"ad_image\":[],\"ad_video\":[],\"time_to_show_ads\":[0],\"time_skip_ads\":5,\"time_to_hide_ads\":10},\"player_inline_light\":true,\"player_inline_close\":true,\"time_locale\":\"pt-br\",\"text_views\":\"Visualiza\\u00e7\\u00f5es\",\"text_comments\":\"Coment\\u00e1rios\",\"text_likes\":\"Gostaram\",\"text_dislikes\":\"N\\u00e3o Gostaram\",\"text_load_more\":\"Carregar Mais\",\"text_prev\":\"Anterior\",\"text_next\":\"Pr\\u00f3ximo\",\"text_already_loaded\":\"Todos os v\\u00eddeos dispon\\u00edveis est\\u00e3o carregados.\",\"text_show_more\":\"Mostrar mais\",\"text_show_less\":\"Mostrar menos\",\"text_published_at\":\"Publicado em\",\"text_view_all_replies\":\"Ver respostas\",\"text_load_ads\":\"Carregando an\\u00fancio...\",\"text_skip_ad_in\":\"Pular an\\u00fancio em\",\"text_skip_ads\":\"Pular An\\u00fancio\",\"carousel_config\":{\"spaceBetween\":20,\"speed\":600,\"autoplay\":\"\",\"slidesPerView\":3,\"slidesPerColumn\":1,\"breakpoints\":{\"768\":{\"slidesPerView\":1,\"spaceBetween\":20}}},\"main_font\":\"\",\"main_font_size\":\"\",\"main_font_letter_spacing\":\"\",\"main_font_weight\":\"\",\"main_font_style\":\"\",\"main_font_transform\":\"\",\"main_font_line_height\":\"\",\"heading_font\":\"\",\"heading_font_size\":\"\",\"heading_font_letter_spacing\":\"\",\"heading_font_weight\":\"\",\"heading_font_style\":\"\",\"heading_font_transform\":\"\",\"heading_font_line_height\":\"\",\"meta_font\":\"\",\"meta_font_size\":\"\",\"meta_font_letter_spacing\":\"\",\"meta_font_weight\":\"\",\"meta_font_style\":\"\",\"meta_font_transform\":\"\",\"meta_font_line_height\":\"\",\"main_color\":\"#dd9933\",\"background_color\":\"\",\"content_background_color\":\"\",\"item_background_color\":\"\",\"divider_color\":\"\",\"button_color\":\"\",\"button_background_color\":\"\",\"button_background_hover_color\":\"\",\"tab_color\":\"\",\"tab_hover_color\":\"\",\"title_color\":\"\",\"title_hover_color\":\"\",\"text_color\":\"\",\"meta_color\":\"\",\"header_logo_border_color\":\"\",\"header_channel_name_color\":\"\",\"header_channel_name_hover_color\":\"\",\"header_text_color\":\"\",\"header_meta_color\":\"\",\"header_meta_background_color\":\"\",\"popup_background\":\"\",\"popup_button_color\":\"\",\"popup_button_background_color\":\"\",\"popup_button_background_hover_color\":\"\",\"popup_heading_color\":\"\",\"popup_heading_hover_color\":\"\",\"popup_link_color\":\"\",\"popup_link_hover_color\":\"\",\"popup_text_color\":\"\",\"popup_meta_color\":\"\",\"popup_divider_color\":\"\",\"rnd_id\":\"yt48318\"});});<\/script>\r\n\t\t\t\t\t[\/vc_column][\/vc_row][vc_row full_width=&#8221;stretch_row&#8221; parallax=&#8221;content-moving&#8221;][vc_column][vc_empty_space height=&#8221;42&#8243;][vc_empty_space height=&#8221;42&#8243; el_class=&#8221;hidden-md hidden-sm hidden-xs&#8221;][vc_column_text]<\/p>\n<p class=\"quote_home\" style=\"text-align: center;\">&#8220;<strong>Do meu bisav\u00f4 n\u00e3o ter frequentado escolas p\u00fablicas, ter tido bons mestres em casa e saber que em tais coisas o homem deve gastar com liberalidade.&#8221;<\/strong><\/p>\n<p class=\"quote_autor\" style=\"text-align: center;\">Marco Aur\u00e9lio<\/p>\n<p>[\/vc_column_text][vc_empty_space height=&#8221;50&#8243;][vc_empty_space height=&#8221;50&#8243; el_class=&#8221;hidden-md hidden-sm hidden-xs&#8221;][\/vc_column][\/vc_row]<\/p>\n","protected":false},"excerpt":{"rendered":"<p>[vc_row full_width=&#8221;stretch_row_content&#8221; el_class=&#8221;vc_hidden-xs&#8221;][vc_column][rev_slider_vc alias=&#8221;slider-2&#8243;][\/vc_column][\/vc_row][vc_row content_placement=&#8221;middle&#8221; el_class=&#8221;about_box vc_hidden-xs&#8221; css=&#8221;.vc_custom_1592161130033{margin-top: -100px !important;border-top-width: 2px !important;border-right-width: 2px !important;border-bottom-width: 2px !important;border-left-width: 2px !important;background-color: #ffffff !important;border-left-color: #ba7c1e !important;border-left-style: solid !important;border-right-color: #ba7c1e !important;border-right-style: solid !important;border-top-color: #ba7c1e !important;border-top-style: &hellip; <br \/><a href=\"https:\/\/www.ceotreinamentos.com.br\/ceocursos\/\" class=\"more-link\">Continue reading <span class=\"screen-reader-text\">CEO Treinamentos<\/span><\/a><\/p>\n","protected":false},"author":1,"featured_media":0,"parent":0,"menu_order":0,"comment_status":"closed","ping_status":"closed","template":"","meta":[],"_links":{"self":[{"href":"https:\/\/www.ceotreinamentos.com.br\/ceocursos\/wp-json\/wp\/v2\/pages\/935"}],"collection":[{"href":"https:\/\/www.ceotreinamentos.com.br\/ceocursos\/wp-json\/wp\/v2\/pages"}],"about":[{"href":"https:\/\/www.ceotreinamentos.com.br\/ceocursos\/wp-json\/wp\/v2\/types\/page"}],"author":[{"embeddable":true,"href":"https:\/\/www.ceotreinamentos.com.br\/ceocursos\/wp-json\/wp\/v2\/users\/1"}],"replies":[{"embeddable":true,"href":"https:\/\/www.ceotreinamentos.com.br\/ceocursos\/wp-json\/wp\/v2\/comments?post=935"}],"version-history":[{"count":49,"href":"https:\/\/www.ceotreinamentos.com.br\/ceocursos\/wp-json\/wp\/v2\/pages\/935\/revisions"}],"predecessor-version":[{"id":3215,"href":"https:\/\/www.ceotreinamentos.com.br\/ceocursos\/wp-json\/wp\/v2\/pages\/935\/revisions\/3215"}],"wp:attachment":[{"href":"https:\/\/www.ceotreinamentos.com.br\/ceocursos\/wp-json\/wp\/v2\/media?parent=935"}],"curies":[{"name":"wp","href":"https:\/\/api.w.org\/{rel}","templated":true}]}}